{"id":2934,"date":"2022-05-31T11:53:07","date_gmt":"2022-05-31T11:53:07","guid":{"rendered":"http:\/\/seavision-latam.com\/controlo-de-embalagens-farmaceuticas\/"},"modified":"2022-08-09T17:11:09","modified_gmt":"2022-08-09T17:11:09","slug":"controle-de-embalagens-farmaceuticas","status":"publish","type":"page","link":"https:\/\/seavision-latam.com\/pt-br\/solucoes\/controle-de-embalagens-farmaceuticas\/","title":{"rendered":"Controle de embalagens farmac\u00eauticas"},"content":{"rendered":"\t\t<div data-elementor-type=\"wp-page\" data-elementor-id=\"2934\" class=\"elementor elementor-2934\" data-elementor-post-type=\"page\">\n\t\t\t\t\t\t<section class=\"elementor-section elementor-top-section elementor-element elementor-element-4a15d5f elementor-hidden-tablet elementor-hidden-mobile elementor-section-boxed elementor-section-height-default elementor-section-height-default\" data-id=\"4a15d5f\" data-element_type=\"section\" data-e-type=\"section\" data-settings=\"{&quot;background_background&quot;:&quot;classic&quot;}\">\n\t\t\t\t\t\t<div class=\"elementor-container elementor-column-gap-default\">\n\t\t\t\t\t<div class=\"elementor-column elementor-col-100 elementor-top-column elementor-element elementor-element-5687176\" data-id=\"5687176\" data-element_type=\"column\" data-e-type=\"column\">\n\t\t\t<div class=\"elementor-widget-wrap\">\n\t\t\t\t\t\t\t<\/div>\n\t\t<\/div>\n\t\t\t\t\t<\/div>\n\t\t<\/section>\n\t\t\t\t<section class=\"elementor-section elementor-top-section elementor-element elementor-element-027a105 elementor-section-boxed elementor-section-height-default elementor-section-height-default\" data-id=\"027a105\" data-element_type=\"section\" data-e-type=\"section\">\n\t\t\t\t\t\t<div class=\"elementor-container elementor-column-gap-default\">\n\t\t\t\t\t<div class=\"elementor-column elementor-col-50 elementor-top-column elementor-element elementor-element-53a9f3b\" data-id=\"53a9f3b\" data-element_type=\"column\" data-e-type=\"column\">\n\t\t\t<div class=\"elementor-widget-wrap elementor-element-populated\">\n\t\t\t\t\t\t<div class=\"elementor-element elementor-element-181dc89 elementor-widget elementor-widget-image\" data-id=\"181dc89\" data-element_type=\"widget\" data-e-type=\"widget\" data-widget_type=\"image.default\">\n\t\t\t\t<div class=\"elementor-widget-container\">\n\t\t\t\t\t\t\t\t\t\t\t\t\t\t\t<img fetchpriority=\"high\" decoding=\"async\" width=\"420\" height=\"420\" src=\"https:\/\/seavision-latam.com\/wp-content\/uploads\/2022\/06\/vis-header-image.png\" class=\"attachment-large size-large wp-image-2499\" alt=\"\" srcset=\"https:\/\/seavision-latam.com\/wp-content\/uploads\/2022\/06\/vis-header-image.png 420w, https:\/\/seavision-latam.com\/wp-content\/uploads\/2022\/06\/vis-header-image-300x300.png 300w, https:\/\/seavision-latam.com\/wp-content\/uploads\/2022\/06\/vis-header-image-150x150.png 150w\" sizes=\"(max-width: 420px) 100vw, 420px\" \/>\t\t\t\t\t\t\t\t\t\t\t\t\t\t\t<\/div>\n\t\t\t\t<\/div>\n\t\t\t\t\t<\/div>\n\t\t<\/div>\n\t\t\t\t<div class=\"elementor-column elementor-col-50 elementor-top-column elementor-element elementor-element-05e7c94\" data-id=\"05e7c94\" data-element_type=\"column\" data-e-type=\"column\">\n\t\t\t<div class=\"elementor-widget-wrap elementor-element-populated\">\n\t\t\t\t\t\t<div class=\"elementor-element elementor-element-8c92bd1 elementor-widget elementor-widget-heading\" data-id=\"8c92bd1\" data-element_type=\"widget\" data-e-type=\"widget\" data-widget_type=\"heading.default\">\n\t\t\t\t<div class=\"elementor-widget-container\">\n\t\t\t\t\t<h2 class=\"elementor-heading-title elementor-size-default\">Controle de embalagens farmac\u00eauticas<\/h2>\t\t\t\t<\/div>\n\t\t\t\t<\/div>\n\t\t\t\t<div class=\"elementor-element elementor-element-0664031 elementor-widget elementor-widget-text-editor\" data-id=\"0664031\" data-element_type=\"widget\" data-e-type=\"widget\" data-widget_type=\"text-editor.default\">\n\t\t\t\t<div class=\"elementor-widget-container\">\n\t\t\t\t\t\t\t\t\t<p>Os equipamentos SEA Vision fornecem uma vasta gama de solu\u00e7\u00f5es para o controle de qualidade das embalagens farmac\u00eauticas. Desenvolvidos com os mais elevados padr\u00f5es de qualidade, oferecem v\u00e1rias vantagens e ferramentas para simplificar a sua opera\u00e7\u00e3o.<\/p>\t\t\t\t\t\t\t\t<\/div>\n\t\t\t\t<\/div>\n\t\t\t\t\t<\/div>\n\t\t<\/div>\n\t\t\t\t\t<\/div>\n\t\t<\/section>\n\t\t\t\t<section class=\"elementor-section elementor-top-section elementor-element elementor-element-d0d8e94 elementor-section-boxed elementor-section-height-default elementor-section-height-default\" data-id=\"d0d8e94\" data-element_type=\"section\" data-e-type=\"section\">\n\t\t\t\t\t\t<div class=\"elementor-container elementor-column-gap-default\">\n\t\t\t\t\t<div class=\"elementor-column elementor-col-100 elementor-top-column elementor-element elementor-element-14ea2ac\" data-id=\"14ea2ac\" data-element_type=\"column\" data-e-type=\"column\">\n\t\t\t<div class=\"elementor-widget-wrap elementor-element-populated\">\n\t\t\t\t\t\t<section class=\"elementor-section elementor-inner-section elementor-element elementor-element-4f0b22b elementor-section-boxed elementor-section-height-default elementor-section-height-default\" data-id=\"4f0b22b\" data-element_type=\"section\" data-e-type=\"section\">\n\t\t\t\t\t\t<div class=\"elementor-container elementor-column-gap-default\">\n\t\t\t\t\t<div class=\"elementor-column elementor-col-33 elementor-inner-column elementor-element elementor-element-6223db2\" data-id=\"6223db2\" data-element_type=\"column\" data-e-type=\"column\" data-settings=\"{&quot;background_background&quot;:&quot;classic&quot;}\">\n\t\t\t<div class=\"elementor-widget-wrap elementor-element-populated\">\n\t\t\t\t\t\t<div class=\"elementor-element elementor-element-d3fa51f elementor-widget elementor-widget-image\" data-id=\"d3fa51f\" data-element_type=\"widget\" data-e-type=\"widget\" data-widget_type=\"image.default\">\n\t\t\t\t<div class=\"elementor-widget-container\">\n\t\t\t\t\t\t\t\t\t\t\t\t\t\t\t<img decoding=\"async\" width=\"388\" height=\"230\" src=\"https:\/\/seavision-latam.com\/wp-content\/uploads\/2022\/06\/equipment1_img.png\" class=\"attachment-large size-large wp-image-2500\" alt=\"\" srcset=\"https:\/\/seavision-latam.com\/wp-content\/uploads\/2022\/06\/equipment1_img.png 388w, https:\/\/seavision-latam.com\/wp-content\/uploads\/2022\/06\/equipment1_img-300x178.png 300w\" sizes=\"(max-width: 388px) 100vw, 388px\" \/>\t\t\t\t\t\t\t\t\t\t\t\t\t\t\t<\/div>\n\t\t\t\t<\/div>\n\t\t\t\t<div class=\"elementor-element elementor-element-aa5c823 elementor-widget elementor-widget-heading\" data-id=\"aa5c823\" data-element_type=\"widget\" data-e-type=\"widget\" data-widget_type=\"heading.default\">\n\t\t\t\t<div class=\"elementor-widget-container\">\n\t\t\t\t\t<h4 class=\"elementor-heading-title elementor-size-default\">Controle de <b>bl\u00edsteres<\/b><\/h4>\t\t\t\t<\/div>\n\t\t\t\t<\/div>\n\t\t\t\t<div class=\"elementor-element elementor-element-c1b5dd7 elementor-widget elementor-widget-text-editor\" data-id=\"c1b5dd7\" data-element_type=\"widget\" data-e-type=\"widget\" data-widget_type=\"text-editor.default\">\n\t\t\t\t<div class=\"elementor-widget-container\">\n\t\t\t\t\t\t\t\t\t<p>Inspec\u00e7\u00e3o autom\u00e1tica de todos os tipos de comprimidos e c\u00e1psulas em todos os tipos de embalagens de blister.<\/p>\t\t\t\t\t\t\t\t<\/div>\n\t\t\t\t<\/div>\n\t\t\t\t\t<\/div>\n\t\t<\/div>\n\t\t\t\t<div class=\"elementor-column elementor-col-33 elementor-inner-column elementor-element elementor-element-bb3b13a\" data-id=\"bb3b13a\" data-element_type=\"column\" data-e-type=\"column\" data-settings=\"{&quot;background_background&quot;:&quot;classic&quot;}\">\n\t\t\t<div class=\"elementor-widget-wrap elementor-element-populated\">\n\t\t\t\t\t\t<div class=\"elementor-element elementor-element-2aa334a elementor-widget elementor-widget-image\" data-id=\"2aa334a\" data-element_type=\"widget\" data-e-type=\"widget\" data-widget_type=\"image.default\">\n\t\t\t\t<div class=\"elementor-widget-container\">\n\t\t\t\t\t\t\t\t\t\t\t\t\t\t\t<img decoding=\"async\" width=\"388\" height=\"230\" src=\"https:\/\/seavision-latam.com\/wp-content\/uploads\/2022\/06\/equipment2_img.png\" class=\"attachment-large size-large wp-image-2501\" alt=\"\" srcset=\"https:\/\/seavision-latam.com\/wp-content\/uploads\/2022\/06\/equipment2_img.png 388w, https:\/\/seavision-latam.com\/wp-content\/uploads\/2022\/06\/equipment2_img-300x178.png 300w\" sizes=\"(max-width: 388px) 100vw, 388px\" \/>\t\t\t\t\t\t\t\t\t\t\t\t\t\t\t<\/div>\n\t\t\t\t<\/div>\n\t\t\t\t<div class=\"elementor-element elementor-element-c93886b elementor-widget elementor-widget-heading\" data-id=\"c93886b\" data-element_type=\"widget\" data-e-type=\"widget\" data-widget_type=\"heading.default\">\n\t\t\t\t<div class=\"elementor-widget-container\">\n\t\t\t\t\t<h4 class=\"elementor-heading-title elementor-size-default\">Controle <b>OCR\/OCV<\/b> e controle cosm\u00e9tico de embalagem<\/h4>\t\t\t\t<\/div>\n\t\t\t\t<\/div>\n\t\t\t\t<div class=\"elementor-element elementor-element-9e4386f elementor-widget elementor-widget-text-editor\" data-id=\"9e4386f\" data-element_type=\"widget\" data-e-type=\"widget\" data-widget_type=\"text-editor.default\">\n\t\t\t\t<div class=\"elementor-widget-container\">\n\t\t\t\t\t\t\t\t\t<p>Reconhecimento da qualidade de impress\u00e3o e verifica\u00e7\u00e3o dos c\u00f3digos e caracteres impressos nas embalagens farmac\u00eauticas. Inspe\u00e7\u00e3o integral de embalagem<\/p>\t\t\t\t\t\t\t\t<\/div>\n\t\t\t\t<\/div>\n\t\t\t\t\t<\/div>\n\t\t<\/div>\n\t\t\t\t<div class=\"elementor-column elementor-col-33 elementor-inner-column elementor-element elementor-element-ffa2435\" data-id=\"ffa2435\" data-element_type=\"column\" data-e-type=\"column\" data-settings=\"{&quot;background_background&quot;:&quot;classic&quot;}\">\n\t\t\t<div class=\"elementor-widget-wrap elementor-element-populated\">\n\t\t\t\t\t\t<div class=\"elementor-element elementor-element-8e5c09d elementor-widget elementor-widget-image\" data-id=\"8e5c09d\" data-element_type=\"widget\" data-e-type=\"widget\" data-widget_type=\"image.default\">\n\t\t\t\t<div class=\"elementor-widget-container\">\n\t\t\t\t\t\t\t\t\t\t\t\t\t\t\t<img loading=\"lazy\" decoding=\"async\" width=\"388\" height=\"230\" src=\"https:\/\/seavision-latam.com\/wp-content\/uploads\/2022\/06\/equipment4_img.png\" class=\"attachment-large size-large wp-image-2534\" alt=\"\" srcset=\"https:\/\/seavision-latam.com\/wp-content\/uploads\/2022\/06\/equipment4_img.png 388w, https:\/\/seavision-latam.com\/wp-content\/uploads\/2022\/06\/equipment4_img-300x178.png 300w\" sizes=\"(max-width: 388px) 100vw, 388px\" \/>\t\t\t\t\t\t\t\t\t\t\t\t\t\t\t<\/div>\n\t\t\t\t<\/div>\n\t\t\t\t<div class=\"elementor-element elementor-element-944cb3c elementor-widget elementor-widget-heading\" data-id=\"944cb3c\" data-element_type=\"widget\" data-e-type=\"widget\" data-widget_type=\"heading.default\">\n\t\t\t\t<div class=\"elementor-widget-container\">\n\t\t\t\t\t<h4 class=\"elementor-heading-title elementor-size-default\">Controle de <b>c\u00f3digo<\/b><\/h4>\t\t\t\t<\/div>\n\t\t\t\t<\/div>\n\t\t\t\t<div class=\"elementor-element elementor-element-0160523 elementor-widget elementor-widget-text-editor\" data-id=\"0160523\" data-element_type=\"widget\" data-e-type=\"widget\" data-widget_type=\"text-editor.default\">\n\t\t\t\t<div class=\"elementor-widget-container\">\n\t\t\t\t\t\t\t\t\t<p>Leitura confi\u00e1vel, r\u00e1pida e precisa de uma grande variedade de c\u00f3digos farmac\u00eauticos 1D e 2D.<\/p>\t\t\t\t\t\t\t\t<\/div>\n\t\t\t\t<\/div>\n\t\t\t\t\t<\/div>\n\t\t<\/div>\n\t\t\t\t\t<\/div>\n\t\t<\/section>\n\t\t\t\t<section class=\"elementor-section elementor-inner-section elementor-element elementor-element-d4f6558 elementor-section-boxed elementor-section-height-default elementor-section-height-default\" data-id=\"d4f6558\" data-element_type=\"section\" data-e-type=\"section\">\n\t\t\t\t\t\t<div class=\"elementor-container elementor-column-gap-default\">\n\t\t\t\t\t<div class=\"elementor-column elementor-col-33 elementor-inner-column elementor-element elementor-element-3b45502\" data-id=\"3b45502\" data-element_type=\"column\" data-e-type=\"column\" data-settings=\"{&quot;background_background&quot;:&quot;classic&quot;}\">\n\t\t\t<div class=\"elementor-widget-wrap elementor-element-populated\">\n\t\t\t\t\t\t<div class=\"elementor-element elementor-element-fd31b42 elementor-widget elementor-widget-image\" data-id=\"fd31b42\" data-element_type=\"widget\" data-e-type=\"widget\" data-widget_type=\"image.default\">\n\t\t\t\t<div class=\"elementor-widget-container\">\n\t\t\t\t\t\t\t\t\t\t\t\t\t\t\t<img loading=\"lazy\" decoding=\"async\" width=\"385\" height=\"230\" src=\"https:\/\/seavision-latam.com\/wp-content\/uploads\/2022\/06\/equipment3_img.png\" class=\"attachment-large size-large wp-image-2502\" alt=\"\" srcset=\"https:\/\/seavision-latam.com\/wp-content\/uploads\/2022\/06\/equipment3_img.png 385w, https:\/\/seavision-latam.com\/wp-content\/uploads\/2022\/06\/equipment3_img-300x179.png 300w\" sizes=\"(max-width: 385px) 100vw, 385px\" \/>\t\t\t\t\t\t\t\t\t\t\t\t\t\t\t<\/div>\n\t\t\t\t<\/div>\n\t\t\t\t<div class=\"elementor-element elementor-element-f8a8f67 elementor-widget elementor-widget-heading\" data-id=\"f8a8f67\" data-element_type=\"widget\" data-e-type=\"widget\" data-widget_type=\"heading.default\">\n\t\t\t\t<div class=\"elementor-widget-container\">\n\t\t\t\t\t<h4 class=\"elementor-heading-title elementor-size-default\">Controle de <b>microfissuras em bl\u00edsteres alu-alu<\/b><\/h4>\t\t\t\t<\/div>\n\t\t\t\t<\/div>\n\t\t\t\t<div class=\"elementor-element elementor-element-e579c3c elementor-widget elementor-widget-text-editor\" data-id=\"e579c3c\" data-element_type=\"widget\" data-e-type=\"widget\" data-widget_type=\"text-editor.default\">\n\t\t\t\t<div class=\"elementor-widget-container\">\n\t\t\t\t\t\t\t\t\t<p>Detec\u00e7\u00e3o autom\u00e1tica de microfissuras e poros em bl\u00edsteres do tipo alum\u00ednio-alum\u00ednio.<\/p>\t\t\t\t\t\t\t\t<\/div>\n\t\t\t\t<\/div>\n\t\t\t\t\t<\/div>\n\t\t<\/div>\n\t\t\t\t<div class=\"elementor-column elementor-col-33 elementor-inner-column elementor-element elementor-element-2aa46a6\" data-id=\"2aa46a6\" data-element_type=\"column\" data-e-type=\"column\" data-settings=\"{&quot;background_background&quot;:&quot;classic&quot;}\">\n\t\t\t<div class=\"elementor-widget-wrap elementor-element-populated\">\n\t\t\t\t\t\t<div class=\"elementor-element elementor-element-4f678f2 elementor-widget elementor-widget-image\" data-id=\"4f678f2\" data-element_type=\"widget\" data-e-type=\"widget\" data-widget_type=\"image.default\">\n\t\t\t\t<div class=\"elementor-widget-container\">\n\t\t\t\t\t\t\t\t\t\t\t\t\t\t\t<img loading=\"lazy\" decoding=\"async\" width=\"388\" height=\"230\" src=\"https:\/\/seavision-latam.com\/wp-content\/uploads\/2022\/06\/equipment5_img.png\" class=\"attachment-large size-large wp-image-2535\" alt=\"\" srcset=\"https:\/\/seavision-latam.com\/wp-content\/uploads\/2022\/06\/equipment5_img.png 388w, https:\/\/seavision-latam.com\/wp-content\/uploads\/2022\/06\/equipment5_img-300x178.png 300w\" sizes=\"(max-width: 388px) 100vw, 388px\" \/>\t\t\t\t\t\t\t\t\t\t\t\t\t\t\t<\/div>\n\t\t\t\t<\/div>\n\t\t\t\t<div class=\"elementor-element elementor-element-329fcd6 elementor-widget elementor-widget-heading\" data-id=\"329fcd6\" data-element_type=\"widget\" data-e-type=\"widget\" data-widget_type=\"heading.default\">\n\t\t\t\t<div class=\"elementor-widget-container\">\n\t\t\t\t\t<h4 class=\"elementor-heading-title elementor-size-default\">Controle de <b>princ\u00edpios ativos<\/b><\/h4>\t\t\t\t<\/div>\n\t\t\t\t<\/div>\n\t\t\t\t<div class=\"elementor-element elementor-element-286d10a elementor-widget elementor-widget-text-editor\" data-id=\"286d10a\" data-element_type=\"widget\" data-e-type=\"widget\" data-widget_type=\"text-editor.default\">\n\t\t\t\t<div class=\"elementor-widget-container\">\n\t\t\t\t\t\t\t\t\t<p>Sistema de inspe\u00e7\u00e3o NIR con c\u00e2mera hiperspectral na linha.<\/p>\t\t\t\t\t\t\t\t<\/div>\n\t\t\t\t<\/div>\n\t\t\t\t\t<\/div>\n\t\t<\/div>\n\t\t\t\t<div class=\"elementor-column elementor-col-33 elementor-inner-column elementor-element elementor-element-d9425f8\" data-id=\"d9425f8\" data-element_type=\"column\" data-e-type=\"column\" data-settings=\"{&quot;background_background&quot;:&quot;classic&quot;}\">\n\t\t\t<div class=\"elementor-widget-wrap elementor-element-populated\">\n\t\t\t\t\t\t<div class=\"elementor-element elementor-element-ee9a7c3 elementor-widget elementor-widget-image\" data-id=\"ee9a7c3\" data-element_type=\"widget\" data-e-type=\"widget\" data-widget_type=\"image.default\">\n\t\t\t\t<div class=\"elementor-widget-container\">\n\t\t\t\t\t\t\t\t\t\t\t\t\t\t\t<img loading=\"lazy\" decoding=\"async\" width=\"388\" height=\"230\" src=\"https:\/\/seavision-latam.com\/wp-content\/uploads\/2022\/06\/equipment6_img.png\" class=\"attachment-large size-large wp-image-2536\" alt=\"\" srcset=\"https:\/\/seavision-latam.com\/wp-content\/uploads\/2022\/06\/equipment6_img.png 388w, https:\/\/seavision-latam.com\/wp-content\/uploads\/2022\/06\/equipment6_img-300x178.png 300w\" sizes=\"(max-width: 388px) 100vw, 388px\" \/>\t\t\t\t\t\t\t\t\t\t\t\t\t\t\t<\/div>\n\t\t\t\t<\/div>\n\t\t\t\t<div class=\"elementor-element elementor-element-75a0a88 elementor-widget elementor-widget-heading\" data-id=\"75a0a88\" data-element_type=\"widget\" data-e-type=\"widget\" data-widget_type=\"heading.default\">\n\t\t\t\t<div class=\"elementor-widget-container\">\n\t\t\t\t\t<h4 class=\"elementor-heading-title elementor-size-default\">Controle <b>2D e 3D<\/b> de produtos em m\u00e1quinas de contagem<\/h4>\t\t\t\t<\/div>\n\t\t\t\t<\/div>\n\t\t\t\t<div class=\"elementor-element elementor-element-559f199 elementor-widget elementor-widget-text-editor\" data-id=\"559f199\" data-element_type=\"widget\" data-e-type=\"widget\" data-widget_type=\"text-editor.default\">\n\t\t\t\t<div class=\"elementor-widget-container\">\n\t\t\t\t\t\t\t\t\t<p>Inspe\u00e7\u00e3o 2D e 3D de produtos s\u00f3lidos orais para m\u00e1quinas de preenchimento de frascos.<\/p>\t\t\t\t\t\t\t\t<\/div>\n\t\t\t\t<\/div>\n\t\t\t\t\t<\/div>\n\t\t<\/div>\n\t\t\t\t\t<\/div>\n\t\t<\/section>\n\t\t\t\t\t<\/div>\n\t\t<\/div>\n\t\t\t\t\t<\/div>\n\t\t<\/section>\n\t\t\t\t<\/div>\n\t\t","protected":false},"excerpt":{"rendered":"<p>Controle de embalagens farmac\u00eauticas Os equipamentos SEA Vision fornecem uma vasta gama de solu\u00e7\u00f5es para o controle de qualidade das embalagens farmac\u00eauticas. Desenvolvidos com os mais elevados padr\u00f5es de qualidade, oferecem v\u00e1rias vantagens e ferramentas para simplificar a sua opera\u00e7\u00e3o. Controle de bl\u00edsteres Inspec\u00e7\u00e3o autom\u00e1tica de todos os tipos de comprimidos e c\u00e1psulas em todos [&hellip;]<\/p>\n","protected":false},"author":7,"featured_media":0,"parent":2949,"menu_order":0,"comment_status":"closed","ping_status":"closed","template":"","meta":{"footnotes":""},"class_list":["post-2934","page","type-page","status-publish","hentry"],"_links":{"self":[{"href":"https:\/\/seavision-latam.com\/pt-br\/wp-json\/wp\/v2\/pages\/2934","targetHints":{"allow":["GET"]}}],"collection":[{"href":"https:\/\/seavision-latam.com\/pt-br\/wp-json\/wp\/v2\/pages"}],"about":[{"href":"https:\/\/seavision-latam.com\/pt-br\/wp-json\/wp\/v2\/types\/page"}],"author":[{"embeddable":true,"href":"https:\/\/seavision-latam.com\/pt-br\/wp-json\/wp\/v2\/users\/7"}],"replies":[{"embeddable":true,"href":"https:\/\/seavision-latam.com\/pt-br\/wp-json\/wp\/v2\/comments?post=2934"}],"version-history":[{"count":12,"href":"https:\/\/seavision-latam.com\/pt-br\/wp-json\/wp\/v2\/pages\/2934\/revisions"}],"predecessor-version":[{"id":5691,"href":"https:\/\/seavision-latam.com\/pt-br\/wp-json\/wp\/v2\/pages\/2934\/revisions\/5691"}],"up":[{"embeddable":true,"href":"https:\/\/seavision-latam.com\/pt-br\/wp-json\/wp\/v2\/pages\/2949"}],"wp:attachment":[{"href":"https:\/\/seavision-latam.com\/pt-br\/wp-json\/wp\/v2\/media?parent=2934"}],"curies":[{"name":"wp","href":"https:\/\/api.w.org\/{rel}","templated":true}]}}