{"id":2897,"date":"2022-05-31T12:04:52","date_gmt":"2022-05-31T12:04:52","guid":{"rendered":"http:\/\/seavision-latam.com\/contacto\/"},"modified":"2022-09-16T13:29:19","modified_gmt":"2022-09-16T13:29:19","slug":"contato","status":"publish","type":"page","link":"https:\/\/seavision-latam.com\/pt-br\/contato\/","title":{"rendered":"Contato"},"content":{"rendered":"\t\t<div data-elementor-type=\"wp-page\" data-elementor-id=\"2897\" class=\"elementor elementor-2897\" data-elementor-post-type=\"page\">\n\t\t\t\t\t\t<section class=\"elementor-section elementor-top-section elementor-element elementor-element-151ab04 elementor-hidden-tablet elementor-hidden-mobile elementor-section-boxed elementor-section-height-default elementor-section-height-default\" data-id=\"151ab04\" data-element_type=\"section\" data-e-type=\"section\" data-settings=\"{&quot;background_background&quot;:&quot;classic&quot;}\">\n\t\t\t\t\t\t<div class=\"elementor-container elementor-column-gap-default\">\n\t\t\t\t\t<div class=\"elementor-column elementor-col-100 elementor-top-column elementor-element elementor-element-9db89a1\" data-id=\"9db89a1\" data-element_type=\"column\" data-e-type=\"column\">\n\t\t\t<div class=\"elementor-widget-wrap\">\n\t\t\t\t\t\t\t<\/div>\n\t\t<\/div>\n\t\t\t\t\t<\/div>\n\t\t<\/section>\n\t\t\t\t<section class=\"elementor-section elementor-top-section elementor-element elementor-element-b54ffd5 elementor-section-boxed elementor-section-height-default elementor-section-height-default\" data-id=\"b54ffd5\" data-element_type=\"section\" data-e-type=\"section\">\n\t\t\t\t\t\t<div class=\"elementor-container elementor-column-gap-default\">\n\t\t\t\t\t<div class=\"elementor-column elementor-col-100 elementor-top-column elementor-element elementor-element-0e8bf5c\" data-id=\"0e8bf5c\" data-element_type=\"column\" data-e-type=\"column\">\n\t\t\t<div class=\"elementor-widget-wrap elementor-element-populated\">\n\t\t\t\t\t\t<div class=\"elementor-element elementor-element-a969c62 elementor-widget elementor-widget-heading\" data-id=\"a969c62\" data-element_type=\"widget\" data-e-type=\"widget\" data-widget_type=\"heading.default\">\n\t\t\t\t<div class=\"elementor-widget-container\">\n\t\t\t\t\t<h2 class=\"elementor-heading-title elementor-size-default\">Nossos escrit\u00f3rios na Am\u00e9rica Latina<\/h2>\t\t\t\t<\/div>\n\t\t\t\t<\/div>\n\t\t\t\t<section class=\"elementor-section elementor-inner-section elementor-element elementor-element-c88b82d elementor-section-boxed elementor-section-height-default elementor-section-height-default\" data-id=\"c88b82d\" data-element_type=\"section\" data-e-type=\"section\">\n\t\t\t\t\t\t<div class=\"elementor-container elementor-column-gap-default\">\n\t\t\t\t\t<div class=\"elementor-column elementor-col-25 elementor-inner-column elementor-element elementor-element-9f00fbf\" data-id=\"9f00fbf\" data-element_type=\"column\" data-e-type=\"column\" data-settings=\"{&quot;background_background&quot;:&quot;classic&quot;}\">\n\t\t\t<div class=\"elementor-widget-wrap elementor-element-populated\">\n\t\t\t\t\t\t<div class=\"elementor-element elementor-element-305850c elementor-widget elementor-widget-image\" data-id=\"305850c\" data-element_type=\"widget\" data-e-type=\"widget\" data-widget_type=\"image.default\">\n\t\t\t\t<div class=\"elementor-widget-container\">\n\t\t\t\t\t\t\t\t\t\t\t\t\t\t\t<img fetchpriority=\"high\" decoding=\"async\" width=\"278\" height=\"278\" src=\"https:\/\/seavision-latam.com\/wp-content\/uploads\/2022\/06\/buenos_aires-img.png\" class=\"attachment-large size-large wp-image-2473\" alt=\"\" srcset=\"https:\/\/seavision-latam.com\/wp-content\/uploads\/2022\/06\/buenos_aires-img.png 278w, https:\/\/seavision-latam.com\/wp-content\/uploads\/2022\/06\/buenos_aires-img-150x150.png 150w\" sizes=\"(max-width: 278px) 100vw, 278px\" \/>\t\t\t\t\t\t\t\t\t\t\t\t\t\t\t<\/div>\n\t\t\t\t<\/div>\n\t\t\t\t<div class=\"elementor-element elementor-element-4e099fc elementor-widget elementor-widget-heading\" data-id=\"4e099fc\" data-element_type=\"widget\" data-e-type=\"widget\" data-widget_type=\"heading.default\">\n\t\t\t\t<div class=\"elementor-widget-container\">\n\t\t\t\t\t<h4 class=\"elementor-heading-title elementor-size-default\">Buenos Aires<\/h4>\t\t\t\t<\/div>\n\t\t\t\t<\/div>\n\t\t\t\t<div class=\"elementor-element elementor-element-f9ab6f0 elementor-widget elementor-widget-text-editor\" data-id=\"f9ab6f0\" data-element_type=\"widget\" data-e-type=\"widget\" data-widget_type=\"text-editor.default\">\n\t\t\t\t<div class=\"elementor-widget-container\">\n\t\t\t\t\t\t\t\t\t<p>Lima 1368,<br data-w-id=\"ce8a893b-bbe7-28d0-033c-40ba8098409e\" data-wf-id=\"[\"ce8a893b-bbe7-28d0-033c-40ba8098409e\",\"LineBreak\"]\">Mart\u00ednez, Buenos Aires<br data-w-id=\"16ed6a69-72ab-5130-e248-11c08cb527e0\" data-wf-id=\"[\"16ed6a69-72ab-5130-e248-11c08cb527e0\",\"LineBreak\"]\">+54 11 4836-2800<\/p>\t\t\t\t\t\t\t\t<\/div>\n\t\t\t\t<\/div>\n\t\t\t\t\t<\/div>\n\t\t<\/div>\n\t\t\t\t<div class=\"elementor-column elementor-col-25 elementor-inner-column elementor-element elementor-element-afeef23\" data-id=\"afeef23\" data-element_type=\"column\" data-e-type=\"column\" data-settings=\"{&quot;background_background&quot;:&quot;classic&quot;}\">\n\t\t\t<div class=\"elementor-widget-wrap elementor-element-populated\">\n\t\t\t\t\t\t<div class=\"elementor-element elementor-element-b27223c elementor-widget elementor-widget-image\" data-id=\"b27223c\" data-element_type=\"widget\" data-e-type=\"widget\" data-widget_type=\"image.default\">\n\t\t\t\t<div class=\"elementor-widget-container\">\n\t\t\t\t\t\t\t\t\t\t\t\t\t\t\t<img decoding=\"async\" width=\"278\" height=\"278\" src=\"https:\/\/seavision-latam.com\/wp-content\/uploads\/2022\/06\/sao_paulo-img.png\" class=\"attachment-large size-large wp-image-2474\" alt=\"\" srcset=\"https:\/\/seavision-latam.com\/wp-content\/uploads\/2022\/06\/sao_paulo-img.png 278w, https:\/\/seavision-latam.com\/wp-content\/uploads\/2022\/06\/sao_paulo-img-150x150.png 150w\" sizes=\"(max-width: 278px) 100vw, 278px\" \/>\t\t\t\t\t\t\t\t\t\t\t\t\t\t\t<\/div>\n\t\t\t\t<\/div>\n\t\t\t\t<div class=\"elementor-element elementor-element-9ae2d10 elementor-widget elementor-widget-heading\" data-id=\"9ae2d10\" data-element_type=\"widget\" data-e-type=\"widget\" data-widget_type=\"heading.default\">\n\t\t\t\t<div class=\"elementor-widget-container\">\n\t\t\t\t\t<h4 class=\"elementor-heading-title elementor-size-default\">S\u00e3o Paulo<\/h4>\t\t\t\t<\/div>\n\t\t\t\t<\/div>\n\t\t\t\t<div class=\"elementor-element elementor-element-9224cd7 elementor-widget elementor-widget-text-editor\" data-id=\"9224cd7\" data-element_type=\"widget\" data-e-type=\"widget\" data-widget_type=\"text-editor.default\">\n\t\t\t\t<div class=\"elementor-widget-container\">\n\t\t\t\t\t\t\t\t\t<p>Rua Mergenthaler 94<br data-w-id=\"ba7bf054-1448-e0e8-12e0-4869a5dbbbf5\" data-wf-id=\"[\"ba7bf054-1448-e0e8-12e0-4869a5dbbbf5\",\"LineBreak\"]\">Vila Leopoldina, S\u00e3o Paulo<br data-w-id=\"357cc924-e752-1cff-d782-dc93a1dc15f9\" data-wf-id=\"[\"357cc924-e752-1cff-d782-dc93a1dc15f9\",\"LineBreak\"]\">+55 11 3798-7800<\/p>\t\t\t\t\t\t\t\t<\/div>\n\t\t\t\t<\/div>\n\t\t\t\t\t<\/div>\n\t\t<\/div>\n\t\t\t\t<div class=\"elementor-column elementor-col-25 elementor-inner-column elementor-element elementor-element-a750eb5\" data-id=\"a750eb5\" data-element_type=\"column\" data-e-type=\"column\" data-settings=\"{&quot;background_background&quot;:&quot;classic&quot;}\">\n\t\t\t<div class=\"elementor-widget-wrap elementor-element-populated\">\n\t\t\t\t\t\t<div class=\"elementor-element elementor-element-b2bdd70 elementor-widget elementor-widget-image\" data-id=\"b2bdd70\" data-element_type=\"widget\" data-e-type=\"widget\" data-widget_type=\"image.default\">\n\t\t\t\t<div class=\"elementor-widget-container\">\n\t\t\t\t\t\t\t\t\t\t\t\t\t\t\t<img decoding=\"async\" width=\"278\" height=\"278\" src=\"https:\/\/seavision-latam.com\/wp-content\/uploads\/2022\/06\/anapolis-img.png\" class=\"attachment-large size-large wp-image-2475\" alt=\"\" srcset=\"https:\/\/seavision-latam.com\/wp-content\/uploads\/2022\/06\/anapolis-img.png 278w, https:\/\/seavision-latam.com\/wp-content\/uploads\/2022\/06\/anapolis-img-150x150.png 150w\" sizes=\"(max-width: 278px) 100vw, 278px\" \/>\t\t\t\t\t\t\t\t\t\t\t\t\t\t\t<\/div>\n\t\t\t\t<\/div>\n\t\t\t\t<div class=\"elementor-element elementor-element-1b81761 elementor-widget elementor-widget-heading\" data-id=\"1b81761\" data-element_type=\"widget\" data-e-type=\"widget\" data-widget_type=\"heading.default\">\n\t\t\t\t<div class=\"elementor-widget-container\">\n\t\t\t\t\t<h4 class=\"elementor-heading-title elementor-size-default\">An\u00e1polis<\/h4>\t\t\t\t<\/div>\n\t\t\t\t<\/div>\n\t\t\t\t<div class=\"elementor-element elementor-element-e707129 elementor-widget elementor-widget-text-editor\" data-id=\"e707129\" data-element_type=\"widget\" data-e-type=\"widget\" data-widget_type=\"text-editor.default\">\n\t\t\t\t<div class=\"elementor-widget-container\">\n\t\t\t\t\t\t\t\t\t<p>Av. Maria Miguel Abr\u00e3o, 61 QD.61<br data-w-id=\"5f787d86-2411-c65b-486e-caded7b6c20a\" data-wf-id=\"[\"5f787d86-2411-c65b-486e-caded7b6c20a\",\"LineBreak\"]\">LT. 01 Setor Sel Jamil Miguel<br data-w-id=\"c6daac48-68dd-a888-6b11-bd473d461885\" data-wf-id=\"[\"c6daac48-68dd-a888-6b11-bd473d461885\",\"LineBreak\"]\">An\u00e1polis, Goi\u00e1s<br data-w-id=\"419fd598-4caf-7bd1-d17e-19b96d8b2996\" data-wf-id=\"[\"419fd598-4caf-7bd1-d17e-19b96d8b2996\",\"LineBreak\"]\">CEP 75124-720<\/p>\t\t\t\t\t\t\t\t<\/div>\n\t\t\t\t<\/div>\n\t\t\t\t\t<\/div>\n\t\t<\/div>\n\t\t\t\t<div class=\"elementor-column elementor-col-25 elementor-inner-column elementor-element elementor-element-13e0bda\" data-id=\"13e0bda\" data-element_type=\"column\" data-e-type=\"column\" data-settings=\"{&quot;background_background&quot;:&quot;classic&quot;}\">\n\t\t\t<div class=\"elementor-widget-wrap elementor-element-populated\">\n\t\t\t\t\t\t<div class=\"elementor-element elementor-element-e6ece47 elementor-widget elementor-widget-image\" data-id=\"e6ece47\" data-element_type=\"widget\" data-e-type=\"widget\" data-widget_type=\"image.default\">\n\t\t\t\t<div class=\"elementor-widget-container\">\n\t\t\t\t\t\t\t\t\t\t\t\t\t\t\t<img loading=\"lazy\" decoding=\"async\" width=\"278\" height=\"278\" src=\"https:\/\/seavision-latam.com\/wp-content\/uploads\/2022\/06\/mexico_df-img.png\" class=\"attachment-large size-large wp-image-2476\" alt=\"\" srcset=\"https:\/\/seavision-latam.com\/wp-content\/uploads\/2022\/06\/mexico_df-img.png 278w, https:\/\/seavision-latam.com\/wp-content\/uploads\/2022\/06\/mexico_df-img-150x150.png 150w\" sizes=\"(max-width: 278px) 100vw, 278px\" \/>\t\t\t\t\t\t\t\t\t\t\t\t\t\t\t<\/div>\n\t\t\t\t<\/div>\n\t\t\t\t<div class=\"elementor-element elementor-element-3d69839 elementor-widget elementor-widget-heading\" data-id=\"3d69839\" data-element_type=\"widget\" data-e-type=\"widget\" data-widget_type=\"heading.default\">\n\t\t\t\t<div class=\"elementor-widget-container\">\n\t\t\t\t\t<h4 class=\"elementor-heading-title elementor-size-default\">Cidade do M\u00e9xico<\/h4>\t\t\t\t<\/div>\n\t\t\t\t<\/div>\n\t\t\t\t<div class=\"elementor-element elementor-element-46ed5d3 elementor-widget elementor-widget-text-editor\" data-id=\"46ed5d3\" data-element_type=\"widget\" data-e-type=\"widget\" data-widget_type=\"text-editor.default\">\n\t\t\t\t<div class=\"elementor-widget-container\">\n\t\t\t\t\t\t\t\t\t<p>Av. R\u00edo Mixcoac 43<br data-w-id=\"4a590b21-bd97-a8b7-746d-80f6cd57ca75\" data-wf-id=\"[\"4a590b21-bd97-a8b7-746d-80f6cd57ca75\",\"LineBreak\"]\">Del. Benito Ju\u00e1rez, CDMX<br data-w-id=\"04235245-4d52-ccf1-5dab-5f87a2801654\" data-wf-id=\"[\"04235245-4d52-ccf1-5dab-5f87a2801654\",\"LineBreak\"]\">+52 55 8796 8004<\/p>\t\t\t\t\t\t\t\t<\/div>\n\t\t\t\t<\/div>\n\t\t\t\t\t<\/div>\n\t\t<\/div>\n\t\t\t\t\t<\/div>\n\t\t<\/section>\n\t\t\t\t\t<\/div>\n\t\t<\/div>\n\t\t\t\t\t<\/div>\n\t\t<\/section>\n\t\t\t\t<section class=\"elementor-section elementor-top-section elementor-element elementor-element-19dcbcb elementor-section-boxed elementor-section-height-default elementor-section-height-default\" data-id=\"19dcbcb\" data-element_type=\"section\" data-e-type=\"section\" data-settings=\"{&quot;background_background&quot;:&quot;classic&quot;}\">\n\t\t\t\t\t\t<div class=\"elementor-container elementor-column-gap-default\">\n\t\t\t\t\t<div class=\"elementor-column elementor-col-100 elementor-top-column elementor-element elementor-element-c622f6c\" data-id=\"c622f6c\" data-element_type=\"column\" data-e-type=\"column\">\n\t\t\t<div class=\"elementor-widget-wrap elementor-element-populated\">\n\t\t\t\t\t\t<div class=\"elementor-element elementor-element-f4b60c5 elementor-widget elementor-widget-heading\" data-id=\"f4b60c5\" data-element_type=\"widget\" data-e-type=\"widget\" data-widget_type=\"heading.default\">\n\t\t\t\t<div class=\"elementor-widget-container\">\n\t\t\t\t\t<h3 class=\"elementor-heading-title elementor-size-small\">CONSULTAS<\/h3>\t\t\t\t<\/div>\n\t\t\t\t<\/div>\n\t\t\t\t<div class=\"elementor-element elementor-element-fa97079 elementor-widget-divider--view-line elementor-widget elementor-widget-divider\" data-id=\"fa97079\" data-element_type=\"widget\" data-e-type=\"widget\" data-widget_type=\"divider.default\">\n\t\t\t\t<div class=\"elementor-widget-container\">\n\t\t\t\t\t\t\t<div class=\"elementor-divider\">\n\t\t\t<span class=\"elementor-divider-separator\">\n\t\t\t\t\t\t<\/span>\n\t\t<\/div>\n\t\t\t\t\t\t<\/div>\n\t\t\t\t<\/div>\n\t\t\t\t<div class=\"elementor-element elementor-element-dc505ba elementor-widget elementor-widget-heading\" data-id=\"dc505ba\" data-element_type=\"widget\" data-e-type=\"widget\" data-widget_type=\"heading.default\">\n\t\t\t\t<div class=\"elementor-widget-container\">\n\t\t\t\t\t<h2 class=\"elementor-heading-title elementor-size-default\">Contato<\/h2>\t\t\t\t<\/div>\n\t\t\t\t<\/div>\n\t\t\t\t<div class=\"elementor-element elementor-element-bf39ef3 elementor-widget elementor-widget-text-editor\" data-id=\"bf39ef3\" data-element_type=\"widget\" data-e-type=\"widget\" data-widget_type=\"text-editor.default\">\n\t\t\t\t<div class=\"elementor-widget-container\">\n\t\t\t\t\t\t\t\t\t<p>Preencha este formul\u00e1rio ou <strong>nos envie um e-mail<\/strong> com sua pergunta.<\/p>\t\t\t\t\t\t\t\t<\/div>\n\t\t\t\t<\/div>\n\t\t\t\t<section class=\"elementor-section elementor-inner-section elementor-element elementor-element-1bc30cf elementor-section-boxed elementor-section-height-default elementor-section-height-default\" data-id=\"1bc30cf\" data-element_type=\"section\" data-e-type=\"section\">\n\t\t\t\t\t\t<div class=\"elementor-container elementor-column-gap-default\">\n\t\t\t\t\t<div class=\"elementor-column elementor-col-100 elementor-inner-column elementor-element elementor-element-401097c\" data-id=\"401097c\" data-element_type=\"column\" data-e-type=\"column\">\n\t\t\t<div class=\"elementor-widget-wrap elementor-element-populated\">\n\t\t\t\t\t\t<div class=\"elementor-element elementor-element-aaebbbe elementor-button-align-center elementor-widget elementor-widget-form\" data-id=\"aaebbbe\" data-element_type=\"widget\" data-e-type=\"widget\" data-settings=\"{&quot;step_next_label&quot;:&quot;Pr\\u00f3ximo&quot;,&quot;step_previous_label&quot;:&quot;Anterior&quot;,&quot;step_type&quot;:&quot;number_text&quot;,&quot;step_icon_shape&quot;:&quot;circle&quot;}\" data-widget_type=\"form.default\">\n\t\t\t\t<div class=\"elementor-widget-container\">\n\t\t\t\t\t\t\t<form class=\"elementor-form\" method=\"post\" name=\"Contato - In\u00edcio\" aria-label=\"Contato - In\u00edcio\">\n\t\t\t<input type=\"hidden\" name=\"post_id\" value=\"2897\"\/>\n\t\t\t<input type=\"hidden\" name=\"form_id\" value=\"aaebbbe\"\/>\n\t\t\t<input type=\"hidden\" name=\"referer_title\" value=\"Contato\" \/>\n\n\t\t\t\t\t\t\t<input type=\"hidden\" name=\"queried_id\" value=\"2897\"\/>\n\t\t\t\n\t\t\t<div class=\"elementor-form-fields-wrapper elementor-labels-\">\n\t\t\t\t\t\t\t\t<div class=\"elementor-field-type-text elementor-field-group elementor-column elementor-field-group-name elementor-col-25 elementor-field-required\">\n\t\t\t\t\t\t\t\t\t\t\t\t<label for=\"form-field-name\" class=\"elementor-field-label elementor-screen-only\">\n\t\t\t\t\t\t\t\tnome\t\t\t\t\t\t\t<\/label>\n\t\t\t\t\t\t\t\t\t\t\t\t\t\t<input size=\"1\" type=\"text\" name=\"form_fields[name]\" id=\"form-field-name\" class=\"elementor-field elementor-size-sm  elementor-field-textual\" placeholder=\"Nome*\" required=\"required\">\n\t\t\t\t\t\t\t\t\t\t\t<\/div>\n\t\t\t\t\t\t\t\t<div class=\"elementor-field-type-text elementor-field-group elementor-column elementor-field-group-field_07ac3ad elementor-col-25 elementor-field-required\">\n\t\t\t\t\t\t\t\t\t\t\t\t<label for=\"form-field-field_07ac3ad\" class=\"elementor-field-label elementor-screen-only\">\n\t\t\t\t\t\t\t\tnome-empresa\t\t\t\t\t\t\t<\/label>\n\t\t\t\t\t\t\t\t\t\t\t\t\t\t<input size=\"1\" type=\"text\" name=\"form_fields[field_07ac3ad]\" id=\"form-field-field_07ac3ad\" class=\"elementor-field elementor-size-sm  elementor-field-textual\" placeholder=\"Nome da empresa*\" required=\"required\">\n\t\t\t\t\t\t\t\t\t\t\t<\/div>\n\t\t\t\t\t\t\t\t<div class=\"elementor-field-type-email elementor-field-group elementor-column elementor-field-group-email elementor-col-25 elementor-field-required\">\n\t\t\t\t\t\t\t\t\t\t\t\t<label for=\"form-field-email\" class=\"elementor-field-label elementor-screen-only\">\n\t\t\t\t\t\t\t\te-mail\t\t\t\t\t\t\t<\/label>\n\t\t\t\t\t\t\t\t\t\t\t\t\t\t<input size=\"1\" type=\"email\" name=\"form_fields[email]\" id=\"form-field-email\" class=\"elementor-field elementor-size-sm  elementor-field-textual\" placeholder=\"Email*\" required=\"required\">\n\t\t\t\t\t\t\t\t\t\t\t<\/div>\n\t\t\t\t\t\t\t\t<div class=\"elementor-field-type-tel elementor-field-group elementor-column elementor-field-group-field_cc9e13c elementor-col-25\">\n\t\t\t\t\t\t\t\t\t\t\t\t<label for=\"form-field-field_cc9e13c\" class=\"elementor-field-label elementor-screen-only\">\n\t\t\t\t\t\t\t\ttelefone\t\t\t\t\t\t\t<\/label>\n\t\t\t\t\t\t\t\t<input size=\"1\" type=\"tel\" name=\"form_fields[field_cc9e13c]\" id=\"form-field-field_cc9e13c\" class=\"elementor-field elementor-size-sm  elementor-field-textual\" placeholder=\"Telefone\" pattern=\"[0-9()#&amp;+*-=.]+\" title=\"Only numbers and phone characters (#, -, *, etc) are accepted.\">\n\n\t\t\t\t\t\t<\/div>\n\t\t\t\t\t\t\t\t<div class=\"elementor-field-type-text elementor-field-group elementor-column elementor-field-group-field_043c427 elementor-col-50\">\n\t\t\t\t\t\t\t\t\t\t\t\t<label for=\"form-field-field_043c427\" class=\"elementor-field-label elementor-screen-only\">\n\t\t\t\t\t\t\t\tarea-contato\t\t\t\t\t\t\t<\/label>\n\t\t\t\t\t\t\t\t\t\t\t\t\t\t<input size=\"1\" type=\"text\" name=\"form_fields[field_043c427]\" id=\"form-field-field_043c427\" class=\"elementor-field elementor-size-sm  elementor-field-textual\" placeholder=\"\u00c1rea a contatar\">\n\t\t\t\t\t\t\t\t\t\t\t<\/div>\n\t\t\t\t\t\t\t\t<div class=\"elementor-field-type-text elementor-field-group elementor-column elementor-field-group-field_5ea8674 elementor-col-50\">\n\t\t\t\t\t\t\t\t\t\t\t\t<label for=\"form-field-field_5ea8674\" class=\"elementor-field-label elementor-screen-only\">\n\t\t\t\t\t\t\t\tproduto-interesse\t\t\t\t\t\t\t<\/label>\n\t\t\t\t\t\t\t\t\t\t\t\t\t\t<input size=\"1\" type=\"text\" name=\"form_fields[field_5ea8674]\" id=\"form-field-field_5ea8674\" class=\"elementor-field elementor-size-sm  elementor-field-textual\" placeholder=\"Produto de interesse\">\n\t\t\t\t\t\t\t\t\t\t\t<\/div>\n\t\t\t\t\t\t\t\t<div class=\"elementor-field-type-textarea elementor-field-group elementor-column elementor-field-group-message elementor-col-100\">\n\t\t\t\t\t\t\t\t\t\t\t\t<label for=\"form-field-message\" class=\"elementor-field-label elementor-screen-only\">\n\t\t\t\t\t\t\t\tresumo do projeto\t\t\t\t\t\t\t<\/label>\n\t\t\t\t\t\t<textarea class=\"elementor-field-textual elementor-field  elementor-size-sm\" name=\"form_fields[message]\" id=\"form-field-message\" rows=\"4\" placeholder=\"Resumo do projeto\"><\/textarea>\t\t\t\t<\/div>\n\t\t\t\t\t\t\t\t<div class=\"elementor-field-type-acceptance elementor-field-group elementor-column elementor-field-group-field_4e41299 elementor-col-100 elementor-field-required\">\n\t\t\t\t\t\t\t\t\t\t\t\t<label for=\"form-field-field_4e41299\" class=\"elementor-field-label elementor-screen-only\">\n\t\t\t\t\t\t\t\tprivacidade\t\t\t\t\t\t\t<\/label>\n\t\t\t\t\t\t\t\t<div class=\"elementor-field-subgroup\">\n\t\t\t<span class=\"elementor-field-option\">\n\t\t\t\t<input type=\"checkbox\" name=\"form_fields[field_4e41299]\" id=\"form-field-field_4e41299\" class=\"elementor-field elementor-size-sm  elementor-acceptance-field\" required=\"required\">\n\t\t\t\t<label for=\"form-field-field_4e41299\">Declaro que li as condi\u00e7\u00f5es estabelecidas na Pol\u00edtica de Privacidade e autorizo \u200b\u200bo tratamento dos meus dados pessoais*<\/label>\t\t\t<\/span>\n\t\t<\/div>\n\t\t\t\t\t\t<\/div>\n\t\t\t\t\t\t\t\t<div class=\"elementor-field-type-recaptcha_v3 elementor-field-group elementor-column elementor-field-group-field_4850810 elementor-col-100 recaptcha_v3-inline\">\n\t\t\t\t\t<div class=\"elementor-field\" id=\"form-field-field_4850810\"><div class=\"elementor-g-recaptcha\" data-sitekey=\"6LchTI4hAAAAAKITQZ0hn4P9MB10iXtOSq3QAjtu\" data-type=\"v3\" data-action=\"Form\" data-badge=\"inline\" data-size=\"invisible\"><\/div><\/div>\t\t\t\t<\/div>\n\t\t\t\t\t\t\t\t<div class=\"elementor-field-group elementor-column elementor-field-type-submit elementor-col-100 e-form__buttons\">\n\t\t\t\t\t<button class=\"elementor-button elementor-size-sm\" type=\"submit\">\n\t\t\t\t\t\t<span class=\"elementor-button-content-wrapper\">\n\t\t\t\t\t\t\t\t\t\t\t\t\t\t\t\t\t\t\t\t\t\t<span class=\"elementor-button-text\">Enviar<\/span>\n\t\t\t\t\t\t\t\t\t\t\t\t\t<\/span>\n\t\t\t\t\t<\/button>\n\t\t\t\t<\/div>\n\t\t\t<\/div>\n\t\t<\/form>\n\t\t\t\t\t\t<\/div>\n\t\t\t\t<\/div>\n\t\t\t\t\t<\/div>\n\t\t<\/div>\n\t\t\t\t\t<\/div>\n\t\t<\/section>\n\t\t\t\t\t<\/div>\n\t\t<\/div>\n\t\t\t\t\t<\/div>\n\t\t<\/section>\n\t\t\t\t<section class=\"elementor-section elementor-top-section elementor-element elementor-element-598ed58 elementor-section-height-min-height elementor-reverse-tablet elementor-reverse-mobile elementor-section-boxed elementor-section-height-default elementor-section-items-middle\" data-id=\"598ed58\" data-element_type=\"section\" data-e-type=\"section\">\n\t\t\t\t\t\t<div class=\"elementor-container elementor-column-gap-default\">\n\t\t\t\t\t<div class=\"elementor-column elementor-col-50 elementor-top-column elementor-element elementor-element-e150acc\" data-id=\"e150acc\" data-element_type=\"column\" data-e-type=\"column\">\n\t\t\t<div class=\"elementor-widget-wrap elementor-element-populated\">\n\t\t\t\t\t\t<div class=\"elementor-element elementor-element-c91088e elementor-widget elementor-widget-heading\" data-id=\"c91088e\" data-element_type=\"widget\" data-e-type=\"widget\" data-widget_type=\"heading.default\">\n\t\t\t\t<div class=\"elementor-widget-container\">\n\t\t\t\t\t<h2 class=\"elementor-heading-title elementor-size-default\">Representantes<\/h2>\t\t\t\t<\/div>\n\t\t\t\t<\/div>\n\t\t\t\t\t<\/div>\n\t\t<\/div>\n\t\t\t\t<div class=\"elementor-column elementor-col-50 elementor-top-column elementor-element elementor-element-5abbb56\" data-id=\"5abbb56\" data-element_type=\"column\" data-e-type=\"column\">\n\t\t\t<div class=\"elementor-widget-wrap elementor-element-populated\">\n\t\t\t\t\t\t<div class=\"elementor-element elementor-element-b1f6839 elementor-widget elementor-widget-image\" data-id=\"b1f6839\" data-element_type=\"widget\" data-e-type=\"widget\" data-widget_type=\"image.default\">\n\t\t\t\t<div class=\"elementor-widget-container\">\n\t\t\t\t\t\t\t\t\t\t\t\t\t\t\t<img loading=\"lazy\" decoding=\"async\" width=\"420\" height=\"420\" src=\"https:\/\/seavision-latam.com\/wp-content\/uploads\/2022\/06\/contact_header-img.png\" class=\"attachment-large size-large wp-image-2617\" alt=\"\" srcset=\"https:\/\/seavision-latam.com\/wp-content\/uploads\/2022\/06\/contact_header-img.png 420w, https:\/\/seavision-latam.com\/wp-content\/uploads\/2022\/06\/contact_header-img-300x300.png 300w, https:\/\/seavision-latam.com\/wp-content\/uploads\/2022\/06\/contact_header-img-150x150.png 150w\" sizes=\"(max-width: 420px) 100vw, 420px\" \/>\t\t\t\t\t\t\t\t\t\t\t\t\t\t\t<\/div>\n\t\t\t\t<\/div>\n\t\t\t\t\t<\/div>\n\t\t<\/div>\n\t\t\t\t\t<\/div>\n\t\t<\/section>\n\t\t\t\t<section class=\"elementor-section elementor-top-section elementor-element elementor-element-d5389a7 elementor-section-boxed elementor-section-height-default elementor-section-height-default\" data-id=\"d5389a7\" data-element_type=\"section\" data-e-type=\"section\">\n\t\t\t\t\t\t<div class=\"elementor-container elementor-column-gap-default\">\n\t\t\t\t\t<div class=\"elementor-column elementor-col-100 elementor-top-column elementor-element elementor-element-ce6e936\" data-id=\"ce6e936\" data-element_type=\"column\" data-e-type=\"column\">\n\t\t\t<div class=\"elementor-widget-wrap elementor-element-populated\">\n\t\t\t\t\t\t<div class=\"elementor-element elementor-element-35f3acf elementor-widget elementor-widget-text-editor\" data-id=\"35f3acf\" data-element_type=\"widget\" data-e-type=\"widget\" data-widget_type=\"text-editor.default\">\n\t\t\t\t<div class=\"elementor-widget-container\">\n\t\t\t\t\t\t\t\t\t<p style=\"text-align: center;\">Contamos com equipe capacitada em todo o mundo para assessorar com nossos equipamentos.<br><strong><span class=\"text-weight-bold\">Entre em contato com o representante na sua \u00e1rea!<\/span><\/strong><\/p>\t\t\t\t\t\t\t\t<\/div>\n\t\t\t\t<\/div>\n\t\t\t\t\t<\/div>\n\t\t<\/div>\n\t\t\t\t\t<\/div>\n\t\t<\/section>\n\t\t\t\t<\/div>\n\t\t","protected":false},"excerpt":{"rendered":"<p>Nossos escrit\u00f3rios na Am\u00e9rica Latina Buenos Aires Lima 1368,Mart\u00ednez, Buenos Aires+54 11 4836-2800 S\u00e3o Paulo Rua Mergenthaler 94Vila Leopoldina, S\u00e3o Paulo+55 11 3798-7800 An\u00e1polis Av. Maria Miguel Abr\u00e3o, 61 QD.61LT. 01 Setor Sel Jamil MiguelAn\u00e1polis, Goi\u00e1sCEP 75124-720 Cidade do M\u00e9xico Av. R\u00edo Mixcoac 43Del. Benito Ju\u00e1rez, CDMX+52 55 8796 8004 CONSULTAS Contato Preencha este formul\u00e1rio [&hellip;]<\/p>\n","protected":false},"author":7,"featured_media":0,"parent":0,"menu_order":0,"comment_status":"closed","ping_status":"closed","template":"","meta":{"footnotes":""},"class_list":["post-2897","page","type-page","status-publish","hentry"],"_links":{"self":[{"href":"https:\/\/seavision-latam.com\/pt-br\/wp-json\/wp\/v2\/pages\/2897","targetHints":{"allow":["GET"]}}],"collection":[{"href":"https:\/\/seavision-latam.com\/pt-br\/wp-json\/wp\/v2\/pages"}],"about":[{"href":"https:\/\/seavision-latam.com\/pt-br\/wp-json\/wp\/v2\/types\/page"}],"author":[{"embeddable":true,"href":"https:\/\/seavision-latam.com\/pt-br\/wp-json\/wp\/v2\/users\/7"}],"replies":[{"embeddable":true,"href":"https:\/\/seavision-latam.com\/pt-br\/wp-json\/wp\/v2\/comments?post=2897"}],"version-history":[{"count":61,"href":"https:\/\/seavision-latam.com\/pt-br\/wp-json\/wp\/v2\/pages\/2897\/revisions"}],"predecessor-version":[{"id":6471,"href":"https:\/\/seavision-latam.com\/pt-br\/wp-json\/wp\/v2\/pages\/2897\/revisions\/6471"}],"wp:attachment":[{"href":"https:\/\/seavision-latam.com\/pt-br\/wp-json\/wp\/v2\/media?parent=2897"}],"curies":[{"name":"wp","href":"https:\/\/api.w.org\/{rel}","templated":true}]}}